{"id":938,"date":"2024-06-07T14:38:57","date_gmt":"2024-06-07T12:38:57","guid":{"rendered":"https:\/\/geneo.swiss\/geneo-schweiz-reaktiviere-deine-haut\/"},"modified":"2026-04-07T09:18:45","modified_gmt":"2026-04-07T07:18:45","slug":"geneo-schweiz-reaktiviere-deine-haut","status":"publish","type":"page","link":"https:\/\/geneo.swiss\/fr\/","title":{"rendered":"Home"},"content":{"rendered":"","protected":false},"excerpt":{"rendered":"","protected":false},"author":4,"featured_media":0,"parent":0,"menu_order":0,"comment_status":"closed","ping_status":"closed","template":"","meta":{"_acf_changed":false,"inline_featured_image":false,"footnotes":""},"class_list":["post-938","page","type-page","status-publish","hentry"],"acf":[],"yoast_head":"<!-- This site is optimized with the Yoast SEO plugin v27.0 - https:\/\/yoast.com\/product\/yoast-seo-wordpress\/ -->\n<title>geneo Schweiz - R\u00e9active ta peau !<\/title>\n<meta name=\"description\" content=\"Es-tu pr\u00eat(e) pour une forme r\u00e9volutionnaire de traitement du visage - le bien-\u00eatre pour ta peau ? Trouve maintenant des prestataires geneo certifi\u00e9s pr\u00e8s de chez toi !\" \/>\n<meta name=\"robots\" content=\"index, follow, max-snippet:-1, max-image-preview:large, max-video-preview:-1\" \/>\n<link rel=\"canonical\" href=\"https:\/\/geneo.swiss\/fr\/\" \/>\n<meta property=\"og:locale\" content=\"fr_FR\" \/>\n<meta property=\"og:type\" content=\"article\" \/>\n<meta property=\"og:title\" content=\"geneo Schweiz - R\u00e9active ta peau !\" \/>\n<meta property=\"og:description\" content=\"Es-tu pr\u00eat(e) pour une forme r\u00e9volutionnaire de traitement du visage - le bien-\u00eatre pour ta peau ? Trouve maintenant des prestataires geneo certifi\u00e9s pr\u00e8s de chez toi !\" \/>\n<meta property=\"og:url\" content=\"https:\/\/geneo.swiss\/fr\/\" \/>\n<meta property=\"og:site_name\" content=\"geneo\" \/>\n<meta property=\"article:modified_time\" content=\"2026-04-07T07:18:45+00:00\" \/>\n<meta name=\"twitter:card\" content=\"summary_large_image\" \/>\n<script type=\"application\/ld+json\" class=\"yoast-schema-graph\">{\"@context\":\"https:\/\/schema.org\",\"@graph\":[{\"@type\":\"WebPage\",\"@id\":\"https:\/\/geneo.swiss\/fr\/\",\"url\":\"https:\/\/geneo.swiss\/fr\/\",\"name\":\"geneo Schweiz - R\u00e9active ta peau !\",\"isPartOf\":{\"@id\":\"https:\/\/geneo.swiss\/fr\/#website\"},\"datePublished\":\"2024-06-07T12:38:57+00:00\",\"dateModified\":\"2026-04-07T07:18:45+00:00\",\"description\":\"Es-tu pr\u00eat(e) pour une forme r\u00e9volutionnaire de traitement du visage - le bien-\u00eatre pour ta peau ? Trouve maintenant des prestataires geneo certifi\u00e9s pr\u00e8s de chez toi !\",\"breadcrumb\":{\"@id\":\"https:\/\/geneo.swiss\/fr\/#breadcrumb\"},\"inLanguage\":\"fr-FR\",\"potentialAction\":[{\"@type\":\"ReadAction\",\"target\":[\"https:\/\/geneo.swiss\/fr\/\"]}]},{\"@type\":\"BreadcrumbList\",\"@id\":\"https:\/\/geneo.swiss\/fr\/#breadcrumb\",\"itemListElement\":[{\"@type\":\"ListItem\",\"position\":1,\"name\":\"Startseite\",\"item\":\"https:\/\/geneo.swiss\/fr\/\"},{\"@type\":\"ListItem\",\"position\":2,\"name\":\"Home\"}]},{\"@type\":\"WebSite\",\"@id\":\"https:\/\/geneo.swiss\/fr\/#website\",\"url\":\"https:\/\/geneo.swiss\/fr\/\",\"name\":\"geneo\",\"description\":\"\",\"potentialAction\":[{\"@type\":\"SearchAction\",\"target\":{\"@type\":\"EntryPoint\",\"urlTemplate\":\"https:\/\/geneo.swiss\/fr\/?s={search_term_string}\"},\"query-input\":{\"@type\":\"PropertyValueSpecification\",\"valueRequired\":true,\"valueName\":\"search_term_string\"}}],\"inLanguage\":\"fr-FR\"}]}<\/script>\n<!-- \/ Yoast SEO plugin. -->","yoast_head_json":{"title":"geneo Schweiz - R\u00e9active ta peau !","description":"Es-tu pr\u00eat(e) pour une forme r\u00e9volutionnaire de traitement du visage - le bien-\u00eatre pour ta peau ? Trouve maintenant des prestataires geneo certifi\u00e9s pr\u00e8s de chez toi !","robots":{"index":"index","follow":"follow","max-snippet":"max-snippet:-1","max-image-preview":"max-image-preview:large","max-video-preview":"max-video-preview:-1"},"canonical":"https:\/\/geneo.swiss\/fr\/","og_locale":"fr_FR","og_type":"article","og_title":"geneo Schweiz - R\u00e9active ta peau !","og_description":"Es-tu pr\u00eat(e) pour une forme r\u00e9volutionnaire de traitement du visage - le bien-\u00eatre pour ta peau ? Trouve maintenant des prestataires geneo certifi\u00e9s pr\u00e8s de chez toi !","og_url":"https:\/\/geneo.swiss\/fr\/","og_site_name":"geneo","article_modified_time":"2026-04-07T07:18:45+00:00","twitter_card":"summary_large_image","schema":{"@context":"https:\/\/schema.org","@graph":[{"@type":"WebPage","@id":"https:\/\/geneo.swiss\/fr\/","url":"https:\/\/geneo.swiss\/fr\/","name":"geneo Schweiz - R\u00e9active ta peau !","isPartOf":{"@id":"https:\/\/geneo.swiss\/fr\/#website"},"datePublished":"2024-06-07T12:38:57+00:00","dateModified":"2026-04-07T07:18:45+00:00","description":"Es-tu pr\u00eat(e) pour une forme r\u00e9volutionnaire de traitement du visage - le bien-\u00eatre pour ta peau ? Trouve maintenant des prestataires geneo certifi\u00e9s pr\u00e8s de chez toi !","breadcrumb":{"@id":"https:\/\/geneo.swiss\/fr\/#breadcrumb"},"inLanguage":"fr-FR","potentialAction":[{"@type":"ReadAction","target":["https:\/\/geneo.swiss\/fr\/"]}]},{"@type":"BreadcrumbList","@id":"https:\/\/geneo.swiss\/fr\/#breadcrumb","itemListElement":[{"@type":"ListItem","position":1,"name":"Startseite","item":"https:\/\/geneo.swiss\/fr\/"},{"@type":"ListItem","position":2,"name":"Home"}]},{"@type":"WebSite","@id":"https:\/\/geneo.swiss\/fr\/#website","url":"https:\/\/geneo.swiss\/fr\/","name":"geneo","description":"","potentialAction":[{"@type":"SearchAction","target":{"@type":"EntryPoint","urlTemplate":"https:\/\/geneo.swiss\/fr\/?s={search_term_string}"},"query-input":{"@type":"PropertyValueSpecification","valueRequired":true,"valueName":"search_term_string"}}],"inLanguage":"fr-FR"}]}},"_links":{"self":[{"href":"https:\/\/geneo.swiss\/fr\/wp-json\/wp\/v2\/pages\/938","targetHints":{"allow":["GET"]}}],"collection":[{"href":"https:\/\/geneo.swiss\/fr\/wp-json\/wp\/v2\/pages"}],"about":[{"href":"https:\/\/geneo.swiss\/fr\/wp-json\/wp\/v2\/types\/page"}],"author":[{"embeddable":true,"href":"https:\/\/geneo.swiss\/fr\/wp-json\/wp\/v2\/users\/4"}],"replies":[{"embeddable":true,"href":"https:\/\/geneo.swiss\/fr\/wp-json\/wp\/v2\/comments?post=938"}],"version-history":[{"count":9,"href":"https:\/\/geneo.swiss\/fr\/wp-json\/wp\/v2\/pages\/938\/revisions"}],"predecessor-version":[{"id":1376,"href":"https:\/\/geneo.swiss\/fr\/wp-json\/wp\/v2\/pages\/938\/revisions\/1376"}],"wp:attachment":[{"href":"https:\/\/geneo.swiss\/fr\/wp-json\/wp\/v2\/media?parent=938"}],"curies":[{"name":"wp","href":"https:\/\/api.w.org\/{rel}","templated":true}]}}