{"id":948,"date":"2024-06-10T11:22:17","date_gmt":"2024-06-10T09:22:17","guid":{"rendered":"https:\/\/geneo.swiss\/geneo-zertifizierter-schweizer-anbieter-werden\/"},"modified":"2026-01-29T13:26:59","modified_gmt":"2026-01-29T12:26:59","slug":"devenir-fournisseur-suisse-certifie-geneo","status":"publish","type":"page","link":"https:\/\/geneo.swiss\/fr\/devenir-fournisseur-suisse-certifie-geneo\/","title":{"rendered":"Pour les professionnels"},"content":{"rendered":"","protected":false},"excerpt":{"rendered":"","protected":false},"author":4,"featured_media":0,"parent":0,"menu_order":0,"comment_status":"closed","ping_status":"closed","template":"","meta":{"_acf_changed":false,"inline_featured_image":false,"footnotes":""},"class_list":["post-948","page","type-page","status-publish","hentry"],"acf":[],"yoast_head":"<!-- This site is optimized with the Yoast SEO plugin v27.0 - https:\/\/yoast.com\/product\/yoast-seo-wordpress\/ -->\n<title>geneo : Devenir un fournisseur suisse certifi\u00e9<\/title>\n<meta name=\"description\" content=\"geneo a r\u00e9volutionn\u00e9 les soins du visage. Devenez maintenant un prestataire certifi\u00e9 et enthousiasmez vos clientes et clients !\" \/>\n<meta name=\"robots\" content=\"index, follow, max-snippet:-1, max-image-preview:large, max-video-preview:-1\" \/>\n<link rel=\"canonical\" href=\"https:\/\/geneo.swiss\/fr\/devenir-fournisseur-suisse-certifie-geneo\/\" \/>\n<meta property=\"og:locale\" content=\"fr_FR\" \/>\n<meta property=\"og:type\" content=\"article\" \/>\n<meta property=\"og:title\" content=\"geneo : Devenir un fournisseur suisse certifi\u00e9\" \/>\n<meta property=\"og:description\" content=\"geneo a r\u00e9volutionn\u00e9 les soins du visage. Devenez maintenant un prestataire certifi\u00e9 et enthousiasmez vos clientes et clients !\" \/>\n<meta property=\"og:url\" content=\"https:\/\/geneo.swiss\/fr\/devenir-fournisseur-suisse-certifie-geneo\/\" \/>\n<meta property=\"og:site_name\" content=\"geneo\" \/>\n<meta property=\"article:modified_time\" content=\"2026-01-29T12:26:59+00:00\" \/>\n<meta name=\"twitter:card\" content=\"summary_large_image\" \/>\n<script type=\"application\/ld+json\" class=\"yoast-schema-graph\">{\"@context\":\"https:\/\/schema.org\",\"@graph\":[{\"@type\":\"WebPage\",\"@id\":\"https:\/\/geneo.swiss\/fr\/devenir-fournisseur-suisse-certifie-geneo\/\",\"url\":\"https:\/\/geneo.swiss\/fr\/devenir-fournisseur-suisse-certifie-geneo\/\",\"name\":\"geneo : Devenir un fournisseur suisse certifi\u00e9\",\"isPartOf\":{\"@id\":\"https:\/\/geneo.swiss\/fr\/#website\"},\"datePublished\":\"2024-06-10T09:22:17+00:00\",\"dateModified\":\"2026-01-29T12:26:59+00:00\",\"description\":\"geneo a r\u00e9volutionn\u00e9 les soins du visage. Devenez maintenant un prestataire certifi\u00e9 et enthousiasmez vos clientes et clients !\",\"breadcrumb\":{\"@id\":\"https:\/\/geneo.swiss\/fr\/devenir-fournisseur-suisse-certifie-geneo\/#breadcrumb\"},\"inLanguage\":\"fr-FR\",\"potentialAction\":[{\"@type\":\"ReadAction\",\"target\":[\"https:\/\/geneo.swiss\/fr\/devenir-fournisseur-suisse-certifie-geneo\/\"]}]},{\"@type\":\"BreadcrumbList\",\"@id\":\"https:\/\/geneo.swiss\/fr\/devenir-fournisseur-suisse-certifie-geneo\/#breadcrumb\",\"itemListElement\":[{\"@type\":\"ListItem\",\"position\":1,\"name\":\"Startseite\",\"item\":\"https:\/\/geneo.swiss\/fr\/\"},{\"@type\":\"ListItem\",\"position\":2,\"name\":\"Pour les professionnels\"}]},{\"@type\":\"WebSite\",\"@id\":\"https:\/\/geneo.swiss\/fr\/#website\",\"url\":\"https:\/\/geneo.swiss\/fr\/\",\"name\":\"geneo\",\"description\":\"\",\"potentialAction\":[{\"@type\":\"SearchAction\",\"target\":{\"@type\":\"EntryPoint\",\"urlTemplate\":\"https:\/\/geneo.swiss\/fr\/?s={search_term_string}\"},\"query-input\":{\"@type\":\"PropertyValueSpecification\",\"valueRequired\":true,\"valueName\":\"search_term_string\"}}],\"inLanguage\":\"fr-FR\"}]}<\/script>\n<!-- \/ Yoast SEO plugin. -->","yoast_head_json":{"title":"geneo : Devenir un fournisseur suisse certifi\u00e9","description":"geneo a r\u00e9volutionn\u00e9 les soins du visage. Devenez maintenant un prestataire certifi\u00e9 et enthousiasmez vos clientes et clients !","robots":{"index":"index","follow":"follow","max-snippet":"max-snippet:-1","max-image-preview":"max-image-preview:large","max-video-preview":"max-video-preview:-1"},"canonical":"https:\/\/geneo.swiss\/fr\/devenir-fournisseur-suisse-certifie-geneo\/","og_locale":"fr_FR","og_type":"article","og_title":"geneo : Devenir un fournisseur suisse certifi\u00e9","og_description":"geneo a r\u00e9volutionn\u00e9 les soins du visage. Devenez maintenant un prestataire certifi\u00e9 et enthousiasmez vos clientes et clients !","og_url":"https:\/\/geneo.swiss\/fr\/devenir-fournisseur-suisse-certifie-geneo\/","og_site_name":"geneo","article_modified_time":"2026-01-29T12:26:59+00:00","twitter_card":"summary_large_image","schema":{"@context":"https:\/\/schema.org","@graph":[{"@type":"WebPage","@id":"https:\/\/geneo.swiss\/fr\/devenir-fournisseur-suisse-certifie-geneo\/","url":"https:\/\/geneo.swiss\/fr\/devenir-fournisseur-suisse-certifie-geneo\/","name":"geneo : Devenir un fournisseur suisse certifi\u00e9","isPartOf":{"@id":"https:\/\/geneo.swiss\/fr\/#website"},"datePublished":"2024-06-10T09:22:17+00:00","dateModified":"2026-01-29T12:26:59+00:00","description":"geneo a r\u00e9volutionn\u00e9 les soins du visage. Devenez maintenant un prestataire certifi\u00e9 et enthousiasmez vos clientes et clients !","breadcrumb":{"@id":"https:\/\/geneo.swiss\/fr\/devenir-fournisseur-suisse-certifie-geneo\/#breadcrumb"},"inLanguage":"fr-FR","potentialAction":[{"@type":"ReadAction","target":["https:\/\/geneo.swiss\/fr\/devenir-fournisseur-suisse-certifie-geneo\/"]}]},{"@type":"BreadcrumbList","@id":"https:\/\/geneo.swiss\/fr\/devenir-fournisseur-suisse-certifie-geneo\/#breadcrumb","itemListElement":[{"@type":"ListItem","position":1,"name":"Startseite","item":"https:\/\/geneo.swiss\/fr\/"},{"@type":"ListItem","position":2,"name":"Pour les professionnels"}]},{"@type":"WebSite","@id":"https:\/\/geneo.swiss\/fr\/#website","url":"https:\/\/geneo.swiss\/fr\/","name":"geneo","description":"","potentialAction":[{"@type":"SearchAction","target":{"@type":"EntryPoint","urlTemplate":"https:\/\/geneo.swiss\/fr\/?s={search_term_string}"},"query-input":{"@type":"PropertyValueSpecification","valueRequired":true,"valueName":"search_term_string"}}],"inLanguage":"fr-FR"}]}},"_links":{"self":[{"href":"https:\/\/geneo.swiss\/fr\/wp-json\/wp\/v2\/pages\/948","targetHints":{"allow":["GET"]}}],"collection":[{"href":"https:\/\/geneo.swiss\/fr\/wp-json\/wp\/v2\/pages"}],"about":[{"href":"https:\/\/geneo.swiss\/fr\/wp-json\/wp\/v2\/types\/page"}],"author":[{"embeddable":true,"href":"https:\/\/geneo.swiss\/fr\/wp-json\/wp\/v2\/users\/4"}],"replies":[{"embeddable":true,"href":"https:\/\/geneo.swiss\/fr\/wp-json\/wp\/v2\/comments?post=948"}],"version-history":[{"count":16,"href":"https:\/\/geneo.swiss\/fr\/wp-json\/wp\/v2\/pages\/948\/revisions"}],"predecessor-version":[{"id":1308,"href":"https:\/\/geneo.swiss\/fr\/wp-json\/wp\/v2\/pages\/948\/revisions\/1308"}],"wp:attachment":[{"href":"https:\/\/geneo.swiss\/fr\/wp-json\/wp\/v2\/media?parent=948"}],"curies":[{"name":"wp","href":"https:\/\/api.w.org\/{rel}","templated":true}]}}